{"id":11,"date":"2023-05-23T23:52:05","date_gmt":"2023-05-24T02:52:05","guid":{"rendered":"https:\/\/drmontalva.cl\/?page_id=11"},"modified":"2023-08-24T09:25:29","modified_gmt":"2023-08-24T12:25:29","slug":"inicio","status":"publish","type":"page","link":"https:\/\/drmontalva.cl\/","title":{"rendered":"Inicio"},"content":{"rendered":"<p>[et_pb_section fb_built=&#8221;1&#8243; _builder_version=&#8221;4.21.0&#8243; background_color=&#8221;#383838&#8243; background_image=&#8221;https:\/\/drmontalva.cl\/wp-content\/uploads\/2023\/05\/dentista-sonrisa-scaled.jpg&#8221; custom_padding=&#8221;18px|0px|18px|0px|true|false&#8221; background_last_edited=&#8221;on|desktop&#8221; global_colors_info=&#8221;{}&#8221;][et_pb_row column_structure=&#8221;3_5,2_5&#8243; _builder_version=&#8221;4.16&#8243; custom_margin=&#8221;-11px|auto||auto||&#8221; custom_padding=&#8221;20px|0px|17px|0px|false|false&#8221; global_colors_info=&#8221;{}&#8221;][et_pb_column type=&#8221;3_5&#8243; _builder_version=&#8221;4.16&#8243; custom_padding=&#8221;|||&#8221; global_colors_info=&#8221;{}&#8221; custom_padding__hover=&#8221;|||&#8221;][et_pb_text _builder_version=&#8221;4.21.0&#8243; text_font=&#8221;Nunito Sans||||||||&#8221; text_text_color=&#8221;#5499D4&#8243; text_font_size=&#8221;16px&#8221; header_font=&#8221;Quicksand|900|||||||&#8221; header_text_color=&#8221;#ffffff&#8221; header_font_size=&#8221;60px&#8221; header_line_height=&#8221;1.2em&#8221; custom_margin=&#8221;||-4px|||&#8221; custom_padding=&#8221;82px|||||&#8221; header_font_size_tablet=&#8221;&#8221; header_font_size_phone=&#8221;30px&#8221; header_font_size_last_edited=&#8221;on|phone&#8221; global_colors_info=&#8221;{}&#8221;]<\/p>\n<h1><span style=\"color: #006ac1;\">Dr. Rurico Montalva<\/span><span style=\"color: #006ac1;\"><\/span><\/h1>\n<p><span style=\"color: #006ac1;\"><\/span><\/p>\n<ul>\n<li><span style=\"color: #2a7dc1;\"><strong>Cirujano Dentista<\/strong><\/span><\/li>\n<li><span style=\"color: #2a7dc1;\"><strong>Rehabilitaci\u00f3n Oral<\/strong><\/span><\/li>\n<li><span style=\"color: #2a7dc1;\"><strong>Implantolog\u00eda Buco M\u00e1xilo Facial<\/strong><\/span><\/li>\n<li><span style=\"color: #2a7dc1;\"><strong>Universidad de Chile<\/strong><\/span><\/li>\n<\/ul>\n<p>[\/et_pb_text][et_pb_button button_url=&#8221;http:\/\/wa.link\/ve3a09&#8243; url_new_window=&#8221;on&#8221; button_text=&#8221;SOLICITA TU EVALUACION&#8221; _builder_version=&#8221;4.21.0&#8243; custom_button=&#8221;on&#8221; button_text_size=&#8221;15px&#8221; button_text_color=&#8221;#ffffff&#8221; button_bg_color=&#8221;#1B98E0&#8243; button_border_width=&#8221;8px&#8221; button_border_color=&#8221;#1B98E0&#8243; button_border_radius=&#8221;4px&#8221; button_font=&#8221;Nunito||||||||&#8221; custom_margin=&#8221;3px|||||&#8221; custom_margin_tablet=&#8221;&#8221; custom_margin_phone=&#8221;||31px&#8221; custom_margin_last_edited=&#8221;on|phone&#8221; custom_padding=&#8221;14px|38px|14px|38px|true|true&#8221; global_colors_info=&#8221;{}&#8221; button_bg_color__hover_enabled=&#8221;on&#8221; button_bg_color__hover=&#8221;#006494&#8243; button_letter_spacing__hover_enabled=&#8221;on&#8221; button_letter_spacing__hover=&#8221;1px&#8221; button_border_color__hover_enabled=&#8221;on&#8221; button_border_color__hover=&#8221;#006494&#8243; button_text_size__hover_enabled=&#8221;off&#8221; button_text_color__hover=&#8221;#ffffff&#8221; button_text_color__hover_enabled=&#8221;on&#8221; button_border_width__hover_enabled=&#8221;off&#8221; button_border_radius__hover_enabled=&#8221;off&#8221;][\/et_pb_button][\/et_pb_column][et_pb_column type=&#8221;2_5&#8243; _builder_version=&#8221;4.16&#8243; custom_padding=&#8221;|||&#8221; global_colors_info=&#8221;{}&#8221; custom_padding__hover=&#8221;|||&#8221;][et_pb_blurb title=&#8221;x&#8221; use_icon=&#8221;on&#8221; icon_placement=&#8221;left&#8221; image_icon_width=&#8221;136px&#8221; _builder_version=&#8221;4.21.0&#8243; header_font=&#8221;Quicksand|700|||||||&#8221; header_text_align=&#8221;center&#8221; header_text_color=&#8221;rgba(0,0,0,0)&#8221; header_font_size=&#8221;19px&#8221; header_line_height=&#8221;1.2em&#8221; body_font=&#8221;Nunito||||||||&#8221; body_text_align=&#8221;left&#8221; body_text_color=&#8221;#13293d&#8221; body_font_size=&#8221;20px&#8221; background_color=&#8221;rgba(255,255,255,0.9)&#8221; custom_padding=&#8221;|11px||&#8221; animation_style=&#8221;slide&#8221; animation_direction=&#8221;right&#8221; header_font_size_tablet=&#8221;&#8221; header_font_size_phone=&#8221;9px&#8221; header_font_size_last_edited=&#8221;on|phone&#8221; body_font_size_tablet=&#8221;&#8221; body_font_size_phone=&#8221;16px&#8221; body_font_size_last_edited=&#8221;on|phone&#8221; border_radii=&#8221;on|9px|9px|9px|9px&#8221; box_shadow_style=&#8221;preset1&#8243; box_shadow_color=&#8221;rgba(94,94,94,0.3)&#8221; image_max_width=&#8221;136px&#8221; global_colors_info=&#8221;{}&#8221; background__hover_enabled=&#8221;on&#8221; background_color__hover=&#8221;#13293D&#8221; body_text_color__hover_enabled=&#8221;on&#8221; body_text_color__hover=&#8221;#ffffff&#8221;]<\/p>\n<h2 class=\"elementor-heading-title elementor-size-default\">M\u00e1s de<span>\u00a0<\/span><b>25 a\u00f1os<\/b><span>\u00a0<\/span>de experiencia.<\/h2>\n<p>&nbsp;<\/p>\n<p>[\/et_pb_blurb][et_pb_blurb title=&#8221;x&#8221; use_icon=&#8221;on&#8221; icon_placement=&#8221;left&#8221; image_icon_width=&#8221;136px&#8221; _builder_version=&#8221;4.21.0&#8243; header_font=&#8221;Quicksand|700|||||||&#8221; header_text_align=&#8221;center&#8221; header_text_color=&#8221;rgba(0,0,0,0)&#8221; header_font_size=&#8221;19px&#8221; header_line_height=&#8221;1.2em&#8221; body_font=&#8221;Nunito||||||||&#8221; body_text_align=&#8221;left&#8221; body_text_color=&#8221;#13293d&#8221; body_font_size=&#8221;20px&#8221; background_color=&#8221;rgba(255,255,255,0.9)&#8221; custom_margin=&#8221;26px||26px||true&#8221; custom_padding=&#8221;|11px||&#8221; animation_style=&#8221;slide&#8221; animation_direction=&#8221;right&#8221; header_font_size_tablet=&#8221;&#8221; header_font_size_phone=&#8221;9px&#8221; header_font_size_last_edited=&#8221;on|phone&#8221; body_font_size_tablet=&#8221;&#8221; body_font_size_phone=&#8221;16px&#8221; body_font_size_last_edited=&#8221;on|phone&#8221; border_radii=&#8221;on|9px|9px|9px|9px&#8221; box_shadow_style=&#8221;preset1&#8243; box_shadow_color=&#8221;rgba(94,94,94,0.3)&#8221; image_max_width=&#8221;136px&#8221; global_colors_info=&#8221;{}&#8221; background_color__hover=&#8221;#13293D&#8221; background__hover_enabled=&#8221;on&#8221; body_text_color__hover=&#8221;#ffffff&#8221; body_text_color__hover_enabled=&#8221;on&#8221;]<\/p>\n<h2 class=\"elementor-heading-title elementor-size-default\">Especialista en <strong>Rehabilitaci\u00f3n<\/strong> <strong>Oral<\/strong> e <strong>Implantolog\u00eda<\/strong>.<\/h2>\n<p>&nbsp;<\/p>\n<p>[\/et_pb_blurb][et_pb_blurb title=&#8221;x&#8221; use_icon=&#8221;on&#8221; icon_placement=&#8221;left&#8221; image_icon_width=&#8221;136px&#8221; _builder_version=&#8221;4.21.0&#8243; header_font=&#8221;Quicksand|700|||||||&#8221; header_text_align=&#8221;center&#8221; header_text_color=&#8221;rgba(0,0,0,0)&#8221; header_font_size=&#8221;19px&#8221; header_line_height=&#8221;1.2em&#8221; body_font=&#8221;Nunito||||||||&#8221; body_text_align=&#8221;left&#8221; body_text_color=&#8221;#13293d&#8221; body_font_size=&#8221;20px&#8221; background_color=&#8221;rgba(255,255,255,0.9)&#8221; custom_padding=&#8221;|11px||&#8221; animation_style=&#8221;slide&#8221; animation_direction=&#8221;right&#8221; header_font_size_tablet=&#8221;&#8221; header_font_size_phone=&#8221;9px&#8221; header_font_size_last_edited=&#8221;on|phone&#8221; body_font_size_tablet=&#8221;&#8221; body_font_size_phone=&#8221;16px&#8221; body_font_size_last_edited=&#8221;on|phone&#8221; border_radii=&#8221;on|9px|9px|9px|9px&#8221; box_shadow_style=&#8221;preset1&#8243; box_shadow_color=&#8221;rgba(94,94,94,0.3)&#8221; image_max_width=&#8221;136px&#8221; global_colors_info=&#8221;{}&#8221; background_color__hover=&#8221;#13293D&#8221; background__hover_enabled=&#8221;on&#8221; body_text_color__hover=&#8221;#ffffff&#8221; body_text_color__hover_enabled=&#8221;on&#8221;]<\/p>\n<h2 class=\"elementor-heading-title elementor-size-default\">Cl\u00ednica dental <strong>moderna<\/strong> y especializada.<\/h2>\n<h4 class=\"font_5 wixui-rich-text__text\"><\/h4>\n<p>[\/et_pb_blurb][\/et_pb_column][\/et_pb_row][\/et_pb_section][et_pb_section fb_built=&#8221;1&#8243; _builder_version=&#8221;4.21.0&#8243; background_enable_image=&#8221;off&#8221; background_position=&#8221;top_center&#8221; custom_padding=&#8221;15px|0px|15px|0px|true|false&#8221; global_colors_info=&#8221;{}&#8221;][et_pb_row _builder_version=&#8221;4.16&#8243; custom_padding=&#8221;27px|0px|0|0px|false|false&#8221; animation_style=&#8221;slide&#8221; animation_direction=&#8221;left&#8221; animation_delay=&#8221;400ms&#8221; global_colors_info=&#8221;{}&#8221;][et_pb_column type=&#8221;4_4&#8243; _builder_version=&#8221;4.16&#8243; custom_padding=&#8221;|||&#8221; global_colors_info=&#8221;{}&#8221; custom_padding__hover=&#8221;|||&#8221;][et_pb_image src=&#8221;https:\/\/drmontalva.cl\/wp-content\/uploads\/2023\/08\/rurico.jpg&#8221; title_text=&#8221;rurico&#8221; align=&#8221;center&#8221; align_tablet=&#8221;center&#8221; align_phone=&#8221;center&#8221; align_last_edited=&#8221;on|desktop&#8221; _builder_version=&#8221;4.21.0&#8243; width=&#8221;84%&#8221; max_width=&#8221;84%&#8221; hover_enabled=&#8221;0&#8243; global_colors_info=&#8221;{}&#8221; sticky_enabled=&#8221;0&#8243;][\/et_pb_image][et_pb_text _builder_version=&#8221;4.21.0&#8243; header_font=&#8221;Quicksand|600|||||||&#8221; header_text_color=&#8221;#1b98e0&#8243; header_line_height=&#8221;1.4em&#8221; max_width=&#8221;100%&#8221; max_width_tablet=&#8221;&#8221; max_width_phone=&#8221;94%&#8221; max_width_last_edited=&#8221;on|phone&#8221; custom_margin=&#8221;|2px||||&#8221; custom_padding=&#8221;|0px||||&#8221; global_colors_info=&#8221;{}&#8221;]<\/p>\n<h1 style=\"text-align: left;\"><\/h1>\n<h1 style=\"text-align: left;\">El Dr. Montalva es Cirujano Dentista de la Universidad de Chile. Especialista en Implantolog\u00eda y actualmente profesor de la especialidad de Implantolog\u00eda en la Universidad de Chile.<\/h1>\n<p>[\/et_pb_text][\/et_pb_column][\/et_pb_row][et_pb_row column_structure=&#8221;1_2,1_2&#8243; use_custom_gutter=&#8221;on&#8221; gutter_width=&#8221;2&#8243; _builder_version=&#8221;4.16&#8243; custom_padding=&#8221;27px|0px|33px|0px|false|false&#8221; animation_style=&#8221;slide&#8221; animation_direction=&#8221;left&#8221; animation_delay=&#8221;400ms&#8221; global_colors_info=&#8221;{}&#8221;][et_pb_column type=&#8221;1_2&#8243; _builder_version=&#8221;4.16&#8243; custom_padding=&#8221;|||&#8221; global_colors_info=&#8221;{}&#8221; custom_padding__hover=&#8221;|||&#8221;][et_pb_image src=&#8221;https:\/\/drmontalva.cl\/wp-content\/uploads\/2023\/05\/implantes.jpg&#8221; title_text=&#8221;implantes&#8221; align_tablet=&#8221;center&#8221; align_phone=&#8221;center&#8221; align_last_edited=&#8221;on|desktop&#8221; _builder_version=&#8221;4.21.0&#8243; width=&#8221;100%&#8221; global_colors_info=&#8221;{}&#8221;][\/et_pb_image][et_pb_text _builder_version=&#8221;4.21.0&#8243; text_font=&#8221;Nunito||||||||&#8221; text_text_color=&#8221;#13293D&#8221; text_font_size=&#8221;16px&#8221; header_font=&#8221;Quicksand|700|||||||&#8221; header_text_color=&#8221;#1b98e0&#8243; header_font_size=&#8221;20px&#8221; header_line_height=&#8221;1.4em&#8221; custom_padding=&#8221;4px|||&#8221; global_colors_info=&#8221;{}&#8221;]<\/p>\n<h1 style=\"text-align: center;\">IMPLANTES DENTALES<\/h1>\n<p style=\"text-align: center;\"><span>El implante dental es una ra\u00edz artificial, generalmente de titanio, que reemplaza la ra\u00edz original del diente. Sobre ella se instala la <\/span><span>pr\u00f3tesis que lucir\u00e1 como un diente\u00a0verdadero.<\/span><\/p>\n<p>[\/et_pb_text][\/et_pb_column][et_pb_column type=&#8221;1_2&#8243; _builder_version=&#8221;4.16&#8243; custom_padding=&#8221;|||&#8221; global_colors_info=&#8221;{}&#8221; custom_padding__hover=&#8221;|||&#8221;][et_pb_image src=&#8221;https:\/\/drmontalva.cl\/wp-content\/uploads\/2023\/05\/I-1.jpeg&#8221; title_text=&#8221;I-1&#8243; align_tablet=&#8221;center&#8221; align_phone=&#8221;center&#8221; align_last_edited=&#8221;on|desktop&#8221; _builder_version=&#8221;4.21.0&#8243; global_colors_info=&#8221;{}&#8221;][\/et_pb_image][et_pb_text _builder_version=&#8221;4.21.0&#8243; text_font=&#8221;Nunito||||||||&#8221; text_text_color=&#8221;#13293D&#8221; text_font_size=&#8221;16px&#8221; header_font=&#8221;Quicksand|700|||||||&#8221; header_text_color=&#8221;#1b98e0&#8243; header_font_size=&#8221;20px&#8221; header_line_height=&#8221;1.4em&#8221; custom_padding=&#8221;4px|||&#8221; global_colors_info=&#8221;{}&#8221;]<\/p>\n<h1 style=\"text-align: center;\">REHABILITACION ORAL<\/h1>\n<p style=\"text-align: center;\"><span>Se realiza el diagn\u00f3stico y Plan de Tratamiento adecuado para el paciente de alta complejidad que requiere recuperar su salud bucal, a trav\u00e9s de las m\u00e1s afinadas y modernas t\u00e9cnicas de rehabilitaci\u00f3n.<\/span><\/p>\n<p>[\/et_pb_text][\/et_pb_column][\/et_pb_row][\/et_pb_section][et_pb_section fb_built=&#8221;1&#8243; _builder_version=&#8221;4.21.0&#8243; background_image=&#8221;https:\/\/drmontalva.cl\/wp-content\/uploads\/2023\/05\/SFGVR5.jpg&#8221; custom_padding=&#8221;7px||7px||true|&#8221; global_colors_info=&#8221;{}&#8221;][et_pb_row column_structure=&#8221;3_5,2_5&#8243; use_custom_gutter=&#8221;on&#8221; make_equal=&#8221;on&#8221; _builder_version=&#8221;4.16&#8243; width_tablet=&#8221;90%&#8221; width_phone=&#8221;90%&#8221; width_last_edited=&#8221;off|desktop&#8221; max_width_tablet=&#8221;90%&#8221; max_width_phone=&#8221;90%&#8221; max_width_last_edited=&#8221;off|tablet&#8221; custom_padding=&#8221;||||false|false&#8221; global_colors_info=&#8221;{}&#8221;][et_pb_column type=&#8221;3_5&#8243; _builder_version=&#8221;4.16&#8243; custom_padding=&#8221;|||&#8221; global_colors_info=&#8221;{}&#8221; custom_padding__hover=&#8221;|||&#8221;][et_pb_text _builder_version=&#8221;4.21.0&#8243; header_font=&#8221;Quicksand|600|||||||&#8221; header_text_color=&#8221;#1b98e0&#8243; header_line_height=&#8221;1.4em&#8221; max_width=&#8221;100%&#8221; max_width_tablet=&#8221;&#8221; max_width_phone=&#8221;94%&#8221; max_width_last_edited=&#8221;on|phone&#8221; custom_margin=&#8221;|2px||||&#8221; custom_padding=&#8221;|0px||||&#8221; global_colors_info=&#8221;{}&#8221;]<\/p>\n<h1 style=\"text-align: left;\">UBICACION<\/h1>\n<p>[\/et_pb_text][et_pb_code _builder_version=&#8221;4.21.0&#8243; global_colors_info=&#8221;{}&#8221;]<iframe src=\"https:\/\/www.google.com\/maps\/embed?pb=!1m18!1m12!1m3!1d3331.549853233935!2d-70.53727832629573!3d-33.38281627341637!2m3!1f0!2f0!3f0!3m2!1i1024!2i768!4f13.1!3m3!1m2!1s0x9662c953232e3035%3A0x40bfe48459166fe1!2sTabancura%201091%2C%207650018%20Vitacura%2C%20Regi%C3%B3n%20Metropolitana!5e0!3m2!1ses!2scl!4v1685028306599!5m2!1ses!2scl\" width=\"100%\" height=\"500\" style=\"border:0;\" allowfullscreen=\"\" loading=\"lazy\" referrerpolicy=\"no-referrer-when-downgrade\"><\/iframe>[\/et_pb_code][\/et_pb_column][et_pb_column type=&#8221;2_5&#8243; _builder_version=&#8221;4.16&#8243; custom_padding=&#8221;|||&#8221; global_colors_info=&#8221;{}&#8221; custom_padding__hover=&#8221;|||&#8221;][et_pb_text _builder_version=&#8221;4.21.0&#8243; header_font=&#8221;Quicksand|600|||||||&#8221; header_text_color=&#8221;#1b98e0&#8243; header_line_height=&#8221;1.4em&#8221; max_width=&#8221;100%&#8221; max_width_tablet=&#8221;&#8221; max_width_phone=&#8221;94%&#8221; max_width_last_edited=&#8221;on|phone&#8221; custom_margin=&#8221;|2px||||&#8221; custom_padding=&#8221;|0px||||&#8221; global_colors_info=&#8221;{}&#8221;]<\/p>\n<h1 style=\"text-align: left;\">CONTACTO<\/h1>\n<p>[\/et_pb_text][et_pb_text _builder_version=&#8221;4.21.0&#8243; text_font=&#8221;Roboto|300|||||||&#8221; text_text_color=&#8221;#000000&#8243; text_font_size=&#8221;18px&#8221; text_line_height=&#8221;1.8em&#8221; header_font=&#8221;Quicksand||||||||&#8221; header_text_color=&#8221;#ffffff&#8221; header_font_size=&#8221;55px&#8221; header_line_height=&#8221;1.3em&#8221; module_alignment=&#8221;center&#8221; custom_margin=&#8221;-26px||&#8221; text_text_align=&#8221;left&#8221; inline_fonts=&#8221;Abel&#8221; global_colors_info=&#8221;{}&#8221;]<\/p>\n<p><span style=\"font-family: inherit; font-weight: normal; font-size: medium;\"><strong>Direcci\u00f3n:<\/strong> Tabancura 1091, Of. 435, Vitacura.<\/span><br \/><span style=\"font-family: inherit; font-weight: normal; font-size: medium;\"><strong>E-mail:<\/strong> contacto@drmontalva.cl<\/span><br \/><span style=\"font-family: inherit; font-weight: normal; font-size: medium;\"><strong>Tel\u00e9fono:<\/strong> \u00a0+56 2 2933 7328 \/ +569 9653 8141<\/span><\/p>\n<p><span style=\"font-family: Abel; font-weight: normal; font-size: small;\"><\/span><\/p>\n<p>&nbsp;<\/p>\n<p>[\/et_pb_text][\/et_pb_column][\/et_pb_row][\/et_pb_section]<\/p>\n","protected":false},"excerpt":{"rendered":"<p>Dr. Rurico Montalva Cirujano Dentista Rehabilitaci\u00f3n Oral Implantolog\u00eda Buco M\u00e1xilo Facial Universidad de Chile M\u00e1s de\u00a025 a\u00f1os\u00a0de experiencia. &nbsp;Especialista en Rehabilitaci\u00f3n Oral e Implantolog\u00eda. &nbsp;Cl\u00ednica dental moderna y especializada. El Dr. Montalva es Cirujano Dentista de la Universidad de Chile. Especialista en Implantolog\u00eda y actualmente profesor de la especialidad de Implantolog\u00eda en la Universidad de [&hellip;]<\/p>\n","protected":false},"author":1,"featured_media":0,"parent":0,"menu_order":0,"comment_status":"closed","ping_status":"closed","template":"","meta":{"_et_pb_use_builder":"on","_et_pb_old_content":"","_et_gb_content_width":"","footnotes":""},"class_list":["post-11","page","type-page","status-publish","hentry"],"_links":{"self":[{"href":"https:\/\/drmontalva.cl\/index.php\/wp-json\/wp\/v2\/pages\/11","targetHints":{"allow":["GET"]}}],"collection":[{"href":"https:\/\/drmontalva.cl\/index.php\/wp-json\/wp\/v2\/pages"}],"about":[{"href":"https:\/\/drmontalva.cl\/index.php\/wp-json\/wp\/v2\/types\/page"}],"author":[{"embeddable":true,"href":"https:\/\/drmontalva.cl\/index.php\/wp-json\/wp\/v2\/users\/1"}],"replies":[{"embeddable":true,"href":"https:\/\/drmontalva.cl\/index.php\/wp-json\/wp\/v2\/comments?post=11"}],"version-history":[{"count":51,"href":"https:\/\/drmontalva.cl\/index.php\/wp-json\/wp\/v2\/pages\/11\/revisions"}],"predecessor-version":[{"id":49943,"href":"https:\/\/drmontalva.cl\/index.php\/wp-json\/wp\/v2\/pages\/11\/revisions\/49943"}],"wp:attachment":[{"href":"https:\/\/drmontalva.cl\/index.php\/wp-json\/wp\/v2\/media?parent=11"}],"curies":[{"name":"wp","href":"https:\/\/api.w.org\/{rel}","templated":true}]}}